{"id":1505,"date":"2023-09-20T09:29:51","date_gmt":"2023-09-20T07:29:51","guid":{"rendered":"https:\/\/tessunderwear.com\/?page_id=1505"},"modified":"2023-10-18T10:22:17","modified_gmt":"2023-10-18T08:22:17","slug":"widerruf","status":"publish","type":"page","link":"https:\/\/tessunderwear.com\/en\/widerruf\/","title":{"rendered":"Cancellation &amp; Returns"},"content":{"rendered":"<div data-elementor-type=\"wp-page\" data-elementor-id=\"1505\" class=\"elementor elementor-1505\" data-elementor-post-type=\"page\">\n\t\t\t\t\t\t<section class=\"wd-negative-gap elementor-section elementor-top-section elementor-element elementor-element-4ba79d4 wd-section-stretch elementor-section-boxed elementor-section-height-default elementor-section-height-default\" data-id=\"4ba79d4\" data-element_type=\"section\" data-e-type=\"section\" data-settings=\"{&quot;background_background&quot;:&quot;classic&quot;}\">\n\t\t\t\t\t\t<div class=\"elementor-container elementor-column-gap-no\">\n\t\t\t\t\t<div class=\"elementor-column elementor-col-50 elementor-top-column elementor-element elementor-element-d89d446\" data-id=\"d89d446\" data-element_type=\"column\" data-e-type=\"column\">\n\t\t\t<div class=\"elementor-widget-wrap elementor-element-populated\">\n\t\t\t\t\t\t<div class=\"elementor-element elementor-element-a51b6c6 elementor-widget__width-initial elementor-widget elementor-widget-image\" data-id=\"a51b6c6\" data-element_type=\"widget\" data-e-type=\"widget\" data-widget_type=\"image.default\">\n\t\t\t\t<div class=\"elementor-widget-container\">\n\t\t\t\t\t\t\t\t\t\t\t\t\t\t\t<img decoding=\"async\" width=\"2220\" height=\"482\" src=\"https:\/\/tessunderwear.com\/wp-content\/uploads\/2022\/11\/Logo-white.png\" class=\"elementor-animation-grow-rotate attachment-full size-full wp-image-99\" alt=\"\" srcset=\"https:\/\/tessunderwear.com\/wp-content\/uploads\/2022\/11\/Logo-white.png 2220w, https:\/\/tessunderwear.com\/wp-content\/uploads\/2022\/11\/Logo-white-150x33.png 150w, https:\/\/tessunderwear.com\/wp-content\/uploads\/2022\/11\/Logo-white-600x130.png 600w, https:\/\/tessunderwear.com\/wp-content\/uploads\/2022\/11\/Logo-white-300x65.png 300w, https:\/\/tessunderwear.com\/wp-content\/uploads\/2022\/11\/Logo-white-1024x222.png 1024w, https:\/\/tessunderwear.com\/wp-content\/uploads\/2022\/11\/Logo-white-768x167.png 768w, https:\/\/tessunderwear.com\/wp-content\/uploads\/2022\/11\/Logo-white-1536x333.png 1536w, https:\/\/tessunderwear.com\/wp-content\/uploads\/2022\/11\/Logo-white-2048x445.png 2048w\" sizes=\"(max-width: 2220px) 100vw, 2220px\" \/>\t\t\t\t\t\t\t\t\t\t\t\t\t\t\t<\/div>\n\t\t\t\t<\/div>\n\t\t\t\t\t<\/div>\n\t\t<\/div>\n\t\t\t\t<div class=\"elementor-column elementor-col-50 elementor-top-column elementor-element elementor-element-fa9fe70\" data-id=\"fa9fe70\" data-element_type=\"column\" data-e-type=\"column\">\n\t\t\t<div class=\"elementor-widget-wrap elementor-element-populated\">\n\t\t\t\t\t\t<div class=\"elementor-element elementor-element-372632d elementor-widget elementor-widget-heading\" data-id=\"372632d\" data-element_type=\"widget\" data-e-type=\"widget\" data-settings=\"{&quot;_animation_tablet&quot;:&quot;fadeInUp&quot;}\" data-widget_type=\"heading.default\">\n\t\t\t\t<div class=\"elementor-widget-container\">\n\t\t\t\t\t<h1 class=\"elementor-heading-title elementor-size-default\">Cancellation policy<\/h1>\t\t\t\t<\/div>\n\t\t\t\t<\/div>\n\t\t\t\t\t<\/div>\n\t\t<\/div>\n\t\t\t\t\t<\/div>\n\t\t<\/section>\n\t\t\t\t<section class=\"wd-negative-gap elementor-section elementor-top-section elementor-element elementor-element-3f8f1cd elementor-section-boxed elementor-section-height-default elementor-section-height-default\" data-id=\"3f8f1cd\" data-element_type=\"section\" data-e-type=\"section\">\n\t\t\t\t\t\t<div class=\"elementor-container elementor-column-gap-default\">\n\t\t\t\t\t<div class=\"elementor-column elementor-col-100 elementor-top-column elementor-element elementor-element-7c47b03\" data-id=\"7c47b03\" data-element_type=\"column\" data-e-type=\"column\">\n\t\t\t<div class=\"elementor-widget-wrap elementor-element-populated\">\n\t\t\t\t\t\t<div class=\"elementor-element elementor-element-0ef3a64 color-scheme-inherit text-left elementor-widget elementor-widget-text-editor\" data-id=\"0ef3a64\" data-element_type=\"widget\" data-e-type=\"widget\" data-widget_type=\"text-editor.default\">\n\t\t\t\t<div class=\"elementor-widget-container\">\n\t\t\t\t\t\t\t\t\t<h4>Cancellation policy, exceptions to the right of cancellation &amp; cancellation form<\/h4><p>Consumers have a right of withdrawal in accordance with the following provisions. A consumer is any natural person who concludes a legal transaction for purposes that can predominantly be attributed neither to their commercial nor to their independent professional activity.<\/p><h4><strong>Right of withdrawal<\/strong><\/h4><p>You have the right to withdraw from this contract within fourteen days without giving any reason.<\/p><p>The cancellation period shall be fourteen days from the day on which you or a third party other than the carrier designated by you takes possession of the goods.<\/p><p>To exercise your right of withdrawal, you must contact us (T.ESS GmbH, Englschalkinger Str. 198, 81927 Munich, Telephone: +49 (0) 89 \/ 673597960, Email:\u00a0<a href=\"mailto:info@tessmunich.com\" target=\"_new\">info@tessmunich.com<\/a>) by means of a clear statement (e.g. a letter sent by post or an email) of your decision to withdraw from this contract. You may use the attached model withdrawal form for this purpose, but this is not mandatory.<\/p><p>To comply with the cancellation period, it is sufficient that you send the notification of the exercise of the right of cancellation before the expiry of the cancellation period.<\/p><h4>Consequences of revocation<\/h4><p>If you cancel this contract, we will refund all payments we have received from you, including delivery costs (with the exception of additional costs resulting from your choice of a delivery method other than the cheapest standard delivery offered by us), promptly and at the latest within fourteen days from the day on which we received notification of your cancellation of this contract. For this refund, we will use the same means of payment that you used for the original transaction, unless something else was expressly agreed with you; under no circumstances will you be charged any fees for this refund. We may refuse to refund until we have received the goods back or until you have provided proof that you have returned the goods, whichever is earlier.<\/p><p>You must return or hand over the goods to us promptly and in any event no later than fourteen days from the date on which you notify us of the cancellation of this contract. This deadline is met if you send the goods before the expiry of the fourteen-day period.<\/p><p>You shall bear the direct costs of returning the goods.<\/p><p>You only have to pay for any loss of value of the goods if this loss of value is due to handling of the goods which is not necessary to check their quality, properties and functioning.<\/p><h4>Exceptions to the right of withdrawal<\/h4><p>The right of withdrawal does not apply to contracts for the delivery of goods which are not prefabricated and for whose production an individual selection or determination by the consumer is decisive or which are clearly tailored to the personal needs of the consumer.<\/p><p>The right of withdrawal does not apply to contracts for the delivery of sealed goods which are not suitable for return for reasons of health protection or hygiene if their seal has been removed after delivery.<\/p>\t\t\t\t\t\t\t\t<\/div>\n\t\t\t\t<\/div>\n\t\t\t\t\t<\/div>\n\t\t<\/div>\n\t\t\t\t\t<\/div>\n\t\t<\/section>\n\t\t\t\t<section class=\"wd-negative-gap elementor-section elementor-top-section elementor-element elementor-element-25740f7 elementor-section-boxed elementor-section-height-default elementor-section-height-default\" data-id=\"25740f7\" data-element_type=\"section\" data-e-type=\"section\">\n\t\t\t\t\t\t<div class=\"elementor-container elementor-column-gap-no\">\n\t\t\t\t\t<div class=\"elementor-column elementor-col-50 elementor-top-column elementor-element elementor-element-d230e72\" data-id=\"d230e72\" data-element_type=\"column\" data-e-type=\"column\">\n\t\t\t<div class=\"elementor-widget-wrap elementor-element-populated\">\n\t\t\t\t\t\t<div class=\"elementor-element elementor-element-89270cf elementor-widget__width-initial elementor-widget elementor-widget-image\" data-id=\"89270cf\" data-element_type=\"widget\" data-e-type=\"widget\" data-widget_type=\"image.default\">\n\t\t\t\t<div class=\"elementor-widget-container\">\n\t\t\t\t\t\t\t\t\t\t\t\t\t\t\t<img decoding=\"async\" width=\"2220\" height=\"482\" src=\"https:\/\/tessunderwear.com\/wp-content\/uploads\/2022\/11\/logo-black.png\" class=\"attachment-full size-full wp-image-98\" alt=\"\" srcset=\"https:\/\/tessunderwear.com\/wp-content\/uploads\/2022\/11\/logo-black.png 2220w, https:\/\/tessunderwear.com\/wp-content\/uploads\/2022\/11\/logo-black-150x33.png 150w, https:\/\/tessunderwear.com\/wp-content\/uploads\/2022\/11\/logo-black-600x130.png 600w, https:\/\/tessunderwear.com\/wp-content\/uploads\/2022\/11\/logo-black-300x65.png 300w, https:\/\/tessunderwear.com\/wp-content\/uploads\/2022\/11\/logo-black-1024x222.png 1024w, https:\/\/tessunderwear.com\/wp-content\/uploads\/2022\/11\/logo-black-768x167.png 768w, https:\/\/tessunderwear.com\/wp-content\/uploads\/2022\/11\/logo-black-1536x333.png 1536w, https:\/\/tessunderwear.com\/wp-content\/uploads\/2022\/11\/logo-black-2048x445.png 2048w\" sizes=\"(max-width: 2220px) 100vw, 2220px\" \/>\t\t\t\t\t\t\t\t\t\t\t\t\t\t\t<\/div>\n\t\t\t\t<\/div>\n\t\t\t\t\t<\/div>\n\t\t<\/div>\n\t\t\t\t<div class=\"elementor-column elementor-col-50 elementor-top-column elementor-element elementor-element-a59529f\" data-id=\"a59529f\" data-element_type=\"column\" data-e-type=\"column\">\n\t\t\t<div class=\"elementor-widget-wrap elementor-element-populated\">\n\t\t\t\t\t\t<div class=\"elementor-element elementor-element-61993a9 elementor-widget elementor-widget-heading\" data-id=\"61993a9\" data-element_type=\"widget\" data-e-type=\"widget\" data-widget_type=\"heading.default\">\n\t\t\t\t<div class=\"elementor-widget-container\">\n\t\t\t\t\t<h2 class=\"elementor-heading-title elementor-size-default\">R\u00fccksendung &amp; Retouren<\/h2>\t\t\t\t<\/div>\n\t\t\t\t<\/div>\n\t\t\t\t\t<\/div>\n\t\t<\/div>\n\t\t\t\t\t<\/div>\n\t\t<\/section>\n\t\t\t\t<section class=\"wd-negative-gap elementor-section elementor-top-section elementor-element elementor-element-86878fb elementor-section-boxed elementor-section-height-default elementor-section-height-default\" data-id=\"86878fb\" data-element_type=\"section\" data-e-type=\"section\">\n\t\t\t\t\t\t<div class=\"elementor-container elementor-column-gap-default\">\n\t\t\t\t\t<div class=\"elementor-column elementor-col-100 elementor-top-column elementor-element elementor-element-004321c\" data-id=\"004321c\" data-element_type=\"column\" data-e-type=\"column\">\n\t\t\t<div class=\"elementor-widget-wrap elementor-element-populated\">\n\t\t\t\t\t\t<div class=\"elementor-element elementor-element-fcd17af color-scheme-inherit text-left elementor-widget elementor-widget-text-editor\" data-id=\"fcd17af\" data-element_type=\"widget\" data-e-type=\"widget\" data-widget_type=\"text-editor.default\">\n\t\t\t\t<div class=\"elementor-widget-container\">\n\t\t\t\t\t\t\t\t\t<h1><span style=\"font-size: 24px;\">How do I return an item?<\/span><\/h1><h5><strong>Goods must be in their original packaging and unworn \u2013 only then can they be returned!<\/strong><\/h5><p>We want you to be completely satisfied with your purchase. However, if you would like to return an item for any reason, you'll find all the information you need to complete a successful return here.<\/p><h3>Prepare items and fill out the return form<\/h3><p>If you would like to return an item, please enclose it along with the completed <strong><a href=\"#download\">Return form<\/a><\/strong> in the package. This allows us to process your return quickly and issue a refund within 14 days of receiving the package. <strong>Please ensure that the item is unworn and in perfect condition.<br \/><a href=\"#download\">You can download our return form as a PDF here!<\/a><\/strong><\/p><h3>Submit a return<\/h3><p>Take the parcel to a parcel shop of your choice and drop it off there. Please note that you will have to pay the costs for the <b>You have to pay for the return yourself<\/b>We recommend that you send the package insured so that you can prove that you sent it in case of loss. Please keep the return receipt until you receive your refund.<\/p><h3>Please send your return to the following address:<\/h3><p>T.ESS GmbH<br \/>Englschalkinger Str. 198<br \/>81927 Munich<\/p><h3>Get a refund<\/h3><p>Once we receive your return, we will process it within 14 days and refund your purchase amount. We will send you an email confirmation once the refund has been processed. Please note that the transfer time may vary depending on the payment method. The refund will be processed using the same method used for the original payment.<\/p><h3>Returns from third countries such as Switzerland<\/h3><p>Special rules apply to returns from third countries, as packages from these countries are typically subject to customs inspection. If you wish to return an item from Switzerland or another third country, you must ensure that all required customs documents are completed and correctly attached. Please note that the customer is responsible for covering all costs for returns or exchanges from a third country, including customs duties.<\/p><p>To ensure your return is processed smoothly, we recommend that you contact us in advance and inform us about the return from a third country. We will then provide you with all the necessary information and documents to ensure a quick and smooth return.<\/p><p>Please also note that we cannot accept responsibility for delays or problems caused by customs or other authorities. We therefore recommend that you familiarize yourself with the applicable regulations and procedures before returning goods from a third country.\u00a0<span style=\"font-size: 14px; color: var( --e-global-color-43751e1 ); background-color: var(--wd-main-bgcolor);\">If you have any further questions or need assistance with the return process, we're happy to help. Simply contact us via the contact form or directly via WhatsApp support. We'll be happy to help.<\/span><\/p>\t\t\t\t\t\t\t\t<\/div>\n\t\t\t\t<\/div>\n\t\t\t\t<section class=\"wd-negative-gap elementor-section elementor-inner-section elementor-element elementor-element-ab695a1 elementor-section-boxed elementor-section-height-default elementor-section-height-default\" data-id=\"ab695a1\" data-element_type=\"section\" data-e-type=\"section\" id=\"download\">\n\t\t\t\t\t\t<div class=\"elementor-container elementor-column-gap-default\">\n\t\t\t\t\t<div class=\"elementor-column elementor-col-50 elementor-inner-column elementor-element elementor-element-d9a0f24\" data-id=\"d9a0f24\" data-element_type=\"column\" data-e-type=\"column\">\n\t\t\t<div class=\"elementor-widget-wrap elementor-element-populated\">\n\t\t\t\t\t\t<div class=\"elementor-element elementor-element-4f3b041 elementor-align-justify elementor-widget elementor-widget-button\" data-id=\"4f3b041\" data-element_type=\"widget\" data-e-type=\"widget\" data-widget_type=\"button.default\">\n\t\t\t\t<div class=\"elementor-widget-container\">\n\t\t\t\t\t\t\t\t\t<div class=\"elementor-button-wrapper\">\n\t\t\t\t\t<a class=\"elementor-button elementor-button-link elementor-size-sm elementor-animation-float\" href=\"https:\/\/tessunderwear.com\/wp-content\/uploads\/2023\/09\/TESS-GmbH-Retourenformular.pdf\" target=\"_blank\">\n\t\t\t\t\t\t<span class=\"elementor-button-content-wrapper\">\n\t\t\t\t\t\t\t\t\t<span class=\"elementor-button-text\">Download cancellation \/ return form<\/span>\n\t\t\t\t\t<\/span>\n\t\t\t\t\t<\/a>\n\t\t\t\t<\/div>\n\t\t\t\t\t\t\t\t<\/div>\n\t\t\t\t<\/div>\n\t\t\t\t\t<\/div>\n\t\t<\/div>\n\t\t\t\t<div class=\"elementor-column elementor-col-50 elementor-inner-column elementor-element elementor-element-9233822\" data-id=\"9233822\" data-element_type=\"column\" data-e-type=\"column\">\n\t\t\t<div class=\"elementor-widget-wrap elementor-element-populated\">\n\t\t\t\t\t\t<div class=\"elementor-element elementor-element-8a59f78 elementor-align-justify elementor-widget elementor-widget-button\" data-id=\"8a59f78\" data-element_type=\"widget\" data-e-type=\"widget\" data-widget_type=\"button.default\">\n\t\t\t\t<div class=\"elementor-widget-container\">\n\t\t\t\t\t\t\t\t\t<div class=\"elementor-button-wrapper\">\n\t\t\t\t\t<a class=\"elementor-button elementor-button-link elementor-size-sm elementor-animation-float\" href=\"https:\/\/tessunderwear.com\/en\/kontakt\/\">\n\t\t\t\t\t\t<span class=\"elementor-button-content-wrapper\">\n\t\t\t\t\t\t\t\t\t<span class=\"elementor-button-text\">Hilfe &amp; Kontakt<\/span>\n\t\t\t\t\t<\/span>\n\t\t\t\t\t<\/a>\n\t\t\t\t<\/div>\n\t\t\t\t\t\t\t\t<\/div>\n\t\t\t\t<\/div>\n\t\t\t\t\t<\/div>\n\t\t<\/div>\n\t\t\t\t\t<\/div>\n\t\t<\/section>\n\t\t\t\t\t<\/div>\n\t\t<\/div>\n\t\t\t\t\t<\/div>\n\t\t<\/section>\n\t\t\t\t<\/div>","protected":false},"excerpt":{"rendered":"<p>Widerrufsbelehrung Widerrufsbelehrung, Ausnahmen vom Widerrufsrecht &amp; Widerrufsformular Verbrauchern steht ein Widerrufsrecht gem\u00e4\u00df den nachfolgenden Ausf\u00fchrungen zu. Verbraucher ist jede nat\u00fcrliche<\/p>","protected":false},"author":1,"featured_media":0,"parent":0,"menu_order":0,"comment_status":"closed","ping_status":"closed","template":"","meta":{"footnotes":""},"class_list":["post-1505","page","type-page","status-publish","hentry"],"_links":{"self":[{"href":"https:\/\/tessunderwear.com\/en\/wp-json\/wp\/v2\/pages\/1505","targetHints":{"allow":["GET"]}}],"collection":[{"href":"https:\/\/tessunderwear.com\/en\/wp-json\/wp\/v2\/pages"}],"about":[{"href":"https:\/\/tessunderwear.com\/en\/wp-json\/wp\/v2\/types\/page"}],"author":[{"embeddable":true,"href":"https:\/\/tessunderwear.com\/en\/wp-json\/wp\/v2\/users\/1"}],"replies":[{"embeddable":true,"href":"https:\/\/tessunderwear.com\/en\/wp-json\/wp\/v2\/comments?post=1505"}],"version-history":[{"count":10,"href":"https:\/\/tessunderwear.com\/en\/wp-json\/wp\/v2\/pages\/1505\/revisions"}],"predecessor-version":[{"id":2734,"href":"https:\/\/tessunderwear.com\/en\/wp-json\/wp\/v2\/pages\/1505\/revisions\/2734"}],"wp:attachment":[{"href":"https:\/\/tessunderwear.com\/en\/wp-json\/wp\/v2\/media?parent=1505"}],"curies":[{"name":"wp","href":"https:\/\/api.w.org\/{rel}","templated":true}]}}